{"id":735,"date":"2022-09-29T11:50:51","date_gmt":"2022-09-29T16:50:51","guid":{"rendered":"https:\/\/www.altiusgroup.com.mx\/?page_id=735"},"modified":"2025-01-27T11:25:43","modified_gmt":"2025-01-27T17:25:43","slug":"avisoprivacidad","status":"publish","type":"page","link":"https:\/\/www.altiusgroup.com.mx\/index.php\/avisoprivacidad\/","title":{"rendered":"Avisoprivacidad"},"content":{"rendered":"\t\t<div data-elementor-type=\"wp-page\" data-elementor-id=\"735\" class=\"elementor elementor-735\" data-elementor-post-type=\"page\">\n\t\t\t\t\t\t<section class=\"elementor-section elementor-top-section elementor-element elementor-element-3880960 elementor-section-height-min-height elementor-section-boxed elementor-section-height-default elementor-section-items-middle\" data-id=\"3880960\" data-element_type=\"section\" data-e-type=\"section\" data-settings=\"{&quot;background_background&quot;:&quot;slideshow&quot;,&quot;background_slideshow_gallery&quot;:[{&quot;id&quot;:781,&quot;url&quot;:&quot;https:\\\/\\\/www.altiusgroup.com.mx\\\/wp-content\\\/uploads\\\/2022\\\/09\\\/logos-altuis-penin-11.png&quot;}],&quot;background_slideshow_loop&quot;:&quot;yes&quot;,&quot;background_slideshow_slide_duration&quot;:5000,&quot;background_slideshow_slide_transition&quot;:&quot;fade&quot;,&quot;background_slideshow_transition_duration&quot;:500}\">\n\t\t\t\t\t\t\t<div class=\"elementor-background-overlay\"><\/div>\n\t\t\t\t\t\t\t<div class=\"elementor-container elementor-column-gap-default\">\n\t\t\t\t\t<div class=\"elementor-column elementor-col-100 elementor-top-column elementor-element elementor-element-87a09e9\" data-id=\"87a09e9\" data-element_type=\"column\" data-e-type=\"column\" data-settings=\"{&quot;background_background&quot;:&quot;classic&quot;}\">\n\t\t\t<div class=\"elementor-widget-wrap elementor-element-populated\">\n\t\t\t\t\t\t<div class=\"elementor-element elementor-element-4a7144c elementor-widget elementor-widget-text-editor\" data-id=\"4a7144c\" data-element_type=\"widget\" data-e-type=\"widget\" data-widget_type=\"text-editor.default\">\n\t\t\t\t<div class=\"elementor-widget-container\">\n\t\t\t\t\t\t\t\t\t<p><strong><span style=\"text-decoration: underline;\">AVISO DE PRIVACIDAD<br \/><\/span><\/strong>El presente Aviso de Privacidad tiene como finalidad informar a Usted sobre el tratamiento que se le dar\u00e1 a sus datos personales, una vez que los mismos son recabados, utilizados y\/o almacenados por Altius M\u00e9xico Desarrolladora, S. de R.L. de C.V. (en lo sucesivo, \u201cAltius\u201d), sus subsidiarias o afiliadas o cualquier sociedad del grupo que opere y le sea aplicable el presente Aviso de Privacidad, con domicilio en Blvd. Manuel \u00c1vila Camacho n\u00famero 88, piso11, oficina 1101, Colonia Lomas de Chapultepec, Alcald\u00eda Miguel Hidalgo, Ciudad de M\u00e9xico, M\u00e9xico, C.P. 11000, lo cual se lleva a cabo de conformidad con las disposiciones de la Ley Federal de Protecci\u00f3n de Datos Personales en Posesi\u00f3n de los Particulares (en lo sucesivo la \u201cLey\u201d).<br \/>Los datos por Usted proporcionados, se podr\u00e1n recabar de las formas siguientes: i) cuando son proporcionados directamente por usted; ii) en la visita o acceso a nuestro sitio web www.altiusgroup.com.mx y\/o, iii) cuando se obtenga informaci\u00f3n a trav\u00e9s de otras fuentes permitidas por la Ley. El tratamiento de todos los datos personales de sus titulares y contacto de \u00e9stos, se har\u00e1 de conformidad con los principios de licitud, consentimiento, informaci\u00f3n, calidad, finalidad, lealtad, proporcionalidad y responsabilidad en t\u00e9rminos de lo dispuesto en la Ley.<br \/>De acuerdo a lo anterior, podremos requerir uno o m\u00e1s de los siguientes datos personales:<br \/>\u2022 Nombre completo<br \/>\u2022 RFC<br \/>\u2022 CURP<br \/>\u2022 Edad<br \/>\u2022 Tel\u00e9fono fijo y\/o celular<br \/>\u2022 Correo electr\u00f3nico<br \/>En cumplimiento con las finalidades previstas en este aviso de privacidad, los datos personales que sean proporcionados bajo cualquiera de las modalidades antes citadas, ser\u00e1n tratados y almacenados bajo las m\u00e1s estrictas medidas de seguridad que garanticen su confidencialidad por parte de Altius, y\/o aquellos terceros que, por la naturaleza de sus trabajos o funciones tengan la necesidad de tratar y\/o utilizar sus datos personales y se obtendr\u00e1n con la finalidad de proporcionar y\/o contratar servicios a trav\u00e9s de nuestros diversos medios, evaluar nuestra calidad de servicio, mantener una personalizaci\u00f3n de servicios, informando o enviando a trav\u00e9s de dispositivos electr\u00f3nicos o mediante correo electr\u00f3nico informaci\u00f3n relacionada con los servicios prestados y\/o contratados. No se solicita informaci\u00f3n de identificaci\u00f3n personal a menores de edad. Si se identifica que un menor de edad ha ingresado informaci\u00f3n, \u00e9sta se eliminar\u00e1 autom\u00e1ticamente. Los datos personales o informaci\u00f3n que actualmente o en el futuro obre almacenada en nuestras bases de datos podr\u00e1 ser transferida a nuestras empresas filiales y\/o subsidiarias que, por la naturaleza de sus trabajos o funciones tengan la necesidad de tratar y\/o utilizar sus datos personales con las mismas finalidades que se mencionan en el presente Aviso de Privacidad.<br \/>En cualquier momento Usted tienen derecho al Acceso, Rectificaci\u00f3n y Cancelaci\u00f3n de sus datos personales, a Oponerse al tratamiento de los mismos (ARCO) o a revocar el consentimiento, a fin de que no se haga uso de los mismos. Para ello, el titular que pretenda ejercer dicha prerrogativa o cualquier otro derecho contemplado en la Ley y su Reglamento, podr\u00e1 dirigir su solicitud al correo electr\u00f3nico eguzman@altiusgroup.com.mx , (o bien presentarse y llenar el formato correspondiente en la oficina con el domicilio se\u00f1alado en el primer p\u00e1rrafo del presente aviso de privacidad), dirigiendo la misma al titular de los derechos ARCO o al Departamento de Protecci\u00f3n de Datos. La contestaci\u00f3n a dicha solicitud se realizar\u00e1 por el medio en que se efectu\u00f3 en los plazos y t\u00e9rminos contemplados en la citada Ley. El titular deber\u00e1 acompa\u00f1ar a dicha solicitud la informaci\u00f3n y documentaci\u00f3n siguiente:<br \/>Nombre completo del Titular, se\u00f1alando domicilio y\/o cualquier otro medio de contacto para comunicarle la respuesta a su solicitud;<br \/>Acreditar su identidad, presentando identificaci\u00f3n oficial vigente (copia simple impresa o en formato electr\u00f3nico) ya sea credencial para votar, c\u00e9dula profesional o pasaporte);<br \/>En caso de ser representado deber\u00e1 presentar carta poder simple con firma aut\u00f3grafa del Titular (copia simple impresa o e formato electr\u00f3nico) y las identificaciones oficiales vigentes de ambos;<br \/>Indicar en la solicitud una descripci\u00f3n breve de los Datos Personales de los que busca ejercer alguno de los Derechos ARCO, incluyendo las indicaciones para el caso de modificaciones y cualquier otro elemento o documento para la localizaci\u00f3n de los Datos Personales del Titular.<br \/>Si usted no manifiesta oposici\u00f3n para que sus datos personales sean tratados en t\u00e9rminos del presente aviso o utiliza los servicios de este sitio web, significa que ha le\u00eddo, entendido y consentido los t\u00e9rminos antes expuestos.<br \/>Si no est\u00e1 de acuerdo con ellos, el usuario no deber\u00e1 proporcionar ninguna informaci\u00f3n personal, ni utilizar estos servicios.<br \/>El presente aviso podr\u00e1 ser modificado o actualizado para la atenci\u00f3n de novedades legislativas o jurisprudenciales; nuevos requerimientos para la prestaci\u00f3n de nuestros productos y servicios; nuevos requerimientos para la oferta de productos y servicios en los que podr\u00eda estar interesado o por pr\u00e1cticas del mercado. Cualquier modificaci\u00f3n a este Aviso de Privacidad podr\u00e1 consultarla en: www.altiusgroup.com.mx<br \/>Fecha de \u00faltima actualizaci\u00f3n: Enero 2025.<\/p><p>\u00a0<\/p>\t\t\t\t\t\t\t\t<\/div>\n\t\t\t\t<\/div>\n\t\t\t\t\t<\/div>\n\t\t<\/div>\n\t\t\t\t\t<\/div>\n\t\t<\/section>\n\t\t\t\t<\/div>\n\t\t","protected":false},"excerpt":{"rendered":"<p>AVISO DE PRIVACIDADEl presente Aviso de Privacidad tiene como finalidad informar a Usted sobre el tratamiento que se le dar\u00e1 a sus datos personales, una vez que los mismos son recabados, utilizados y\/o almacenados por Altius M\u00e9xico Desarrolladora, S. de R.L. de C.V. (en lo sucesivo, \u201cAltius\u201d), sus subsidiarias o afiliadas o cualquier sociedad del [&hellip;]<\/p>\n","protected":false},"author":4,"featured_media":0,"parent":0,"menu_order":0,"comment_status":"closed","ping_status":"closed","template":"","meta":{"site-sidebar-layout":"no-sidebar","site-content-layout":"page-builder","ast-site-content-layout":"","site-content-style":"default","site-sidebar-style":"default","ast-global-header-display":"","ast-banner-title-visibility":"","ast-main-header-display":"","ast-hfb-above-header-display":"","ast-hfb-below-header-display":"","ast-hfb-mobile-header-display":"","site-post-title":"disabled","ast-breadcrumbs-content":"","ast-featured-img":"disabled","footer-sml-layout":"","theme-transparent-header-meta":"default","adv-header-id-meta":"","stick-header-meta":"","header-above-stick-meta":"","header-main-stick-meta":"","header-below-stick-meta":"","astra-migrate-meta-layouts":"default","ast-page-background-enabled":"default","ast-page-background-meta":{"desktop":{"background-color":"var(--ast-global-color-4)","background-image":"","background-repeat":"repeat","background-position":"center center","background-size":"auto","background-attachment":"scroll","background-type":"","background-media":"","overlay-type":"","overlay-color":"","overlay-gradient":""},"tablet":{"background-color":"","background-image":"","background-repeat":"repeat","background-position":"center center","background-size":"auto","background-attachment":"scroll","background-type":"","background-media":"","overlay-type":"","overlay-color":"","overlay-gradient":""},"mobile":{"background-color":"","background-image":"","background-repeat":"repeat","background-position":"center center","background-size":"auto","background-attachment":"scroll","background-type":"","background-media":"","overlay-type":"","overlay-color":"","overlay-gradient":""}},"ast-content-background-meta":{"desktop":{"background-color":"var(--ast-global-color-5)","background-image":"","background-repeat":"repeat","background-position":"center center","background-size":"auto","background-attachment":"scroll","background-type":"","background-media":"","overlay-type":"","overlay-color":"","overlay-gradient":""},"tablet":{"background-color":"var(--ast-global-color-5)","background-image":"","background-repeat":"repeat","background-position":"center center","background-size":"auto","background-attachment":"scroll","background-type":"","background-media":"","overlay-type":"","overlay-color":"","overlay-gradient":""},"mobile":{"background-color":"var(--ast-global-color-5)","background-image":"","background-repeat":"repeat","background-position":"center center","background-size":"auto","background-attachment":"scroll","background-type":"","background-media":"","overlay-type":"","overlay-color":"","overlay-gradient":""}},"footnotes":""},"class_list":["post-735","page","type-page","status-publish","hentry"],"_links":{"self":[{"href":"https:\/\/www.altiusgroup.com.mx\/index.php\/wp-json\/wp\/v2\/pages\/735","targetHints":{"allow":["GET"]}}],"collection":[{"href":"https:\/\/www.altiusgroup.com.mx\/index.php\/wp-json\/wp\/v2\/pages"}],"about":[{"href":"https:\/\/www.altiusgroup.com.mx\/index.php\/wp-json\/wp\/v2\/types\/page"}],"author":[{"embeddable":true,"href":"https:\/\/www.altiusgroup.com.mx\/index.php\/wp-json\/wp\/v2\/users\/4"}],"replies":[{"embeddable":true,"href":"https:\/\/www.altiusgroup.com.mx\/index.php\/wp-json\/wp\/v2\/comments?post=735"}],"version-history":[{"count":19,"href":"https:\/\/www.altiusgroup.com.mx\/index.php\/wp-json\/wp\/v2\/pages\/735\/revisions"}],"predecessor-version":[{"id":1502,"href":"https:\/\/www.altiusgroup.com.mx\/index.php\/wp-json\/wp\/v2\/pages\/735\/revisions\/1502"}],"wp:attachment":[{"href":"https:\/\/www.altiusgroup.com.mx\/index.php\/wp-json\/wp\/v2\/media?parent=735"}],"curies":[{"name":"wp","href":"https:\/\/api.w.org\/{rel}","templated":true}]}}